{"id":10,"date":"2014-09-17T08:26:00","date_gmt":"2014-09-17T08:26:00","guid":{"rendered":"http:\/\/profevents.hu\/?page_id=10"},"modified":"2019-09-17T16:34:19","modified_gmt":"2019-09-17T16:34:19","slug":"ceges-programok","status":"publish","type":"page","link":"https:\/\/profevents.hu\/?page_id=10","title":{"rendered":"JEGYV\u00c1S\u00c1RL\u00c1S"},"content":{"rendered":"<p>Rendezv\u00e9nyeinkhez a bel\u00e9p\u0151jegyeket itt rendelheti meg:<\/p>\n<p><a href=\"https:\/\/profeventsrendezvenyek.hu\/jegyrendeles\/\">JEGYRENDEL\u00c9S<\/a><\/p>\n<p>Vagy<\/p>\n<ol>\n<li>\u00cdrjon egy levelet a rendezvenyjegy@profevents.hu c\u00edmre, melyen felt\u00fcnteti a nev\u00e9t \u00e9s sz\u00e1ml\u00e1z\u00e1si c\u00edm\u00e9t \u00e9s jelezze, h\u00e1ny jegyet \u00e9s milyen rendezv\u00e9ny\u00fcnkre k\u00edv\u00e1n rendelni.<\/li>\n<li>A megrendel\u00e9s\u00e9t k\u00f6vet\u0151en elk\u00fcld\u00fcnk \u00d6nnek egy d\u00edjbek\u00e9r\u0151t.<\/li>\n<li>A d\u00edjbek\u00e9r\u0151n tal\u00e1lhat\u00f3 \u00f6sszeg \u00e1tutal\u00e1s\u00e1t k\u00f6vet\u0151en kik\u00fcldj\u00fck \u00d6nnek a PDF form\u00e1tum\u00fa jegyet \u00e9s a ki\u00e1ll\u00edtott sz\u00e1ml\u00e1t.<\/li>\n<\/ol>\n<p>A jegyek egyedi sorsz\u00e1m\u00faak, k\u00e9rj\u00fck, ne k\u00e9sz\u00edtsen r\u00f3luk m\u00e1solatot. A bel\u00e9ptet\u00e9skor ugyanazon sorsz\u00e1mmal csak egy f\u0151 l\u00e9phet be.<\/p>\n<p>Szeretettel v\u00e1rjuk rendezv\u00e9ny\u00fcnk\u00f6n.<\/p>\n","protected":false},"excerpt":{"rendered":"<p>Rendezv\u00e9nyeinkhez a bel\u00e9p\u0151jegyeket itt rendelheti meg: JEGYRENDEL\u00c9S Vagy \u00cdrjon egy levelet a rendezvenyjegy@profevents.hu c\u00edmre, melyen felt\u00fcnteti a nev\u00e9t \u00e9s sz\u00e1ml\u00e1z\u00e1si c\u00edm\u00e9t \u00e9s jelezze, h\u00e1ny jegyet \u00e9s milyen rendezv\u00e9ny\u00fcnkre k\u00edv\u00e1n rendelni. A megrendel\u00e9s\u00e9t k\u00f6vet\u0151en elk\u00fcld\u00fcnk \u00d6nnek egy d\u00edjbek\u00e9r\u0151t. A d\u00edjbek\u00e9r\u0151n tal\u00e1lhat\u00f3 &hellip; <a href=\"https:\/\/profevents.hu\/?page_id=10\">Continue reading <span class=\"meta-nav\">&rarr;<\/span><\/a><\/p>\n","protected":false},"author":3,"featured_media":0,"parent":0,"menu_order":0,"comment_status":"closed","ping_status":"closed","template":"","meta":{"footnotes":""},"class_list":["post-10","page","type-page","status-publish","hentry"],"_links":{"self":[{"href":"https:\/\/profevents.hu\/index.php?rest_route=\/wp\/v2\/pages\/10","targetHints":{"allow":["GET"]}}],"collection":[{"href":"https:\/\/profevents.hu\/index.php?rest_route=\/wp\/v2\/pages"}],"about":[{"href":"https:\/\/profevents.hu\/index.php?rest_route=\/wp\/v2\/types\/page"}],"author":[{"embeddable":true,"href":"https:\/\/profevents.hu\/index.php?rest_route=\/wp\/v2\/users\/3"}],"replies":[{"embeddable":true,"href":"https:\/\/profevents.hu\/index.php?rest_route=%2Fwp%2Fv2%2Fcomments&post=10"}],"version-history":[{"count":6,"href":"https:\/\/profevents.hu\/index.php?rest_route=\/wp\/v2\/pages\/10\/revisions"}],"predecessor-version":[{"id":308,"href":"https:\/\/profevents.hu\/index.php?rest_route=\/wp\/v2\/pages\/10\/revisions\/308"}],"wp:attachment":[{"href":"https:\/\/profevents.hu\/index.php?rest_route=%2Fwp%2Fv2%2Fmedia&parent=10"}],"curies":[{"name":"wp","href":"https:\/\/api.w.org\/{rel}","templated":true}]}}