{"id":14,"date":"2014-09-17T08:26:41","date_gmt":"2014-09-17T08:26:41","guid":{"rendered":"http:\/\/profevents.hu\/?page_id=14"},"modified":"2022-01-18T15:25:22","modified_gmt":"2022-01-18T15:25:22","slug":"tauffer-vilmos-tovabbkepzo-tanfolyam","status":"publish","type":"page","link":"https:\/\/profevents.hu\/?page_id=14","title":{"rendered":"TAUFER KONFERENCI\u00c1K"},"content":{"rendered":"<p>Tekintse meg Tauffer Vilmos Tov\u00e1bbk\u00e9pz\u0151 Konferenci\u00e1ink honlapj\u00e1t.\u00a0 <a href=\"http:\/\/tauffer.hu\" target=\"_blank\" rel=\"noopener noreferrer\">Tauffer tanfolyamokr\u00f3l<\/a> itt !<\/p>\n","protected":false},"excerpt":{"rendered":"<p>Tekintse meg Tauffer Vilmos Tov\u00e1bbk\u00e9pz\u0151 Konferenci\u00e1ink honlapj\u00e1t.\u00a0 Tauffer tanfolyamokr\u00f3l itt !<\/p>\n","protected":false},"author":3,"featured_media":0,"parent":0,"menu_order":0,"comment_status":"closed","ping_status":"closed","template":"","meta":{"footnotes":""},"class_list":["post-14","page","type-page","status-publish","hentry"],"_links":{"self":[{"href":"https:\/\/profevents.hu\/index.php?rest_route=\/wp\/v2\/pages\/14","targetHints":{"allow":["GET"]}}],"collection":[{"href":"https:\/\/profevents.hu\/index.php?rest_route=\/wp\/v2\/pages"}],"about":[{"href":"https:\/\/profevents.hu\/index.php?rest_route=\/wp\/v2\/types\/page"}],"author":[{"embeddable":true,"href":"https:\/\/profevents.hu\/index.php?rest_route=\/wp\/v2\/users\/3"}],"replies":[{"embeddable":true,"href":"https:\/\/profevents.hu\/index.php?rest_route=%2Fwp%2Fv2%2Fcomments&post=14"}],"version-history":[{"count":7,"href":"https:\/\/profevents.hu\/index.php?rest_route=\/wp\/v2\/pages\/14\/revisions"}],"predecessor-version":[{"id":432,"href":"https:\/\/profevents.hu\/index.php?rest_route=\/wp\/v2\/pages\/14\/revisions\/432"}],"wp:attachment":[{"href":"https:\/\/profevents.hu\/index.php?rest_route=%2Fwp%2Fv2%2Fmedia&parent=14"}],"curies":[{"name":"wp","href":"https:\/\/api.w.org\/{rel}","templated":true}]}}