{"id":160,"date":"2014-10-06T09:07:06","date_gmt":"2014-10-06T09:07:06","guid":{"rendered":"http:\/\/profevents.hu\/?page_id=160"},"modified":"2019-07-23T07:37:59","modified_gmt":"2019-07-23T07:37:59","slug":"csaladi-rendezvenyek","status":"publish","type":"page","link":"https:\/\/profevents.hu\/?page_id=160","title":{"rendered":"CSAL\u00c1DI RENDEZV\u00c9NYEK"},"content":{"rendered":"<p>A csal\u00e1di \u00fcnnepek is nagy odafigyel\u00e9st ig\u00e9nyelnek. A keresztel\u0151k, ballag\u00e1sok, diploma oszt\u00e1sok, esk\u00fcv\u0151k, halotti b\u00facs\u00faztat\u00f3k nagy m\u00e9rf\u00f6ldk\u00f6vei \u00e9let\u00fcnknek.<\/p>\n<p>Nagy odafigyel\u00e9ssel szervez\u00fcnk minden csal\u00e1di esem\u00e9nyt. Olyan helysz\u00ednt javaslunk \u00e9s azokat a programokat szervezz\u00fck meg, amelyek a legjobban illenek csal\u00e1dj\u00e1hoz. A szervez\u00e9s minden l\u00e9p\u00e9s\u00e9n\u00e9l egyeztet\u00fcnk az anyagi lehet\u0151s\u00e9gekr\u0151l is.<\/p>\n<p><a href=\"https:\/\/profevents.hu\/?page_id=162\">ESK\u00dcV\u0150 SZERVEZ\u00c9S<\/a><\/p>\n","protected":false},"excerpt":{"rendered":"<p>A csal\u00e1di \u00fcnnepek is nagy odafigyel\u00e9st ig\u00e9nyelnek. A keresztel\u0151k, ballag\u00e1sok, diploma oszt\u00e1sok, esk\u00fcv\u0151k, halotti b\u00facs\u00faztat\u00f3k nagy m\u00e9rf\u00f6ldk\u00f6vei \u00e9let\u00fcnknek. Nagy odafigyel\u00e9ssel szervez\u00fcnk minden csal\u00e1di esem\u00e9nyt. Olyan helysz\u00ednt javaslunk \u00e9s azokat a programokat szervezz\u00fck meg, amelyek a legjobban illenek csal\u00e1dj\u00e1hoz. A szervez\u00e9s &hellip; <a href=\"https:\/\/profevents.hu\/?page_id=160\">Continue reading <span class=\"meta-nav\">&rarr;<\/span><\/a><\/p>\n","protected":false},"author":3,"featured_media":0,"parent":0,"menu_order":0,"comment_status":"closed","ping_status":"closed","template":"","meta":{"footnotes":""},"class_list":["post-160","page","type-page","status-publish","hentry"],"_links":{"self":[{"href":"https:\/\/profevents.hu\/index.php?rest_route=\/wp\/v2\/pages\/160","targetHints":{"allow":["GET"]}}],"collection":[{"href":"https:\/\/profevents.hu\/index.php?rest_route=\/wp\/v2\/pages"}],"about":[{"href":"https:\/\/profevents.hu\/index.php?rest_route=\/wp\/v2\/types\/page"}],"author":[{"embeddable":true,"href":"https:\/\/profevents.hu\/index.php?rest_route=\/wp\/v2\/users\/3"}],"replies":[{"embeddable":true,"href":"https:\/\/profevents.hu\/index.php?rest_route=%2Fwp%2Fv2%2Fcomments&post=160"}],"version-history":[{"count":4,"href":"https:\/\/profevents.hu\/index.php?rest_route=\/wp\/v2\/pages\/160\/revisions"}],"predecessor-version":[{"id":280,"href":"https:\/\/profevents.hu\/index.php?rest_route=\/wp\/v2\/pages\/160\/revisions\/280"}],"wp:attachment":[{"href":"https:\/\/profevents.hu\/index.php?rest_route=%2Fwp%2Fv2%2Fmedia&parent=160"}],"curies":[{"name":"wp","href":"https:\/\/api.w.org\/{rel}","templated":true}]}}