{"id":164,"date":"2014-10-06T09:07:52","date_gmt":"2014-10-06T09:07:52","guid":{"rendered":"http:\/\/profevents.hu\/?page_id=164"},"modified":"2019-07-23T07:36:03","modified_gmt":"2019-07-23T07:36:03","slug":"leany-es-legenybucsuk","status":"publish","type":"page","link":"https:\/\/profevents.hu\/?page_id=164","title":{"rendered":"Le\u00e1ny-, \u00e9s leg\u00e9nyb\u00facs\u00fak"},"content":{"rendered":"<p>Az esk\u00fcv\u0151t k\u00e9t igen fontos esem\u00e9ny el\u0151zi meg. A <strong>le\u00e1ny- \u00e9s leg\u00e9nyb\u00facs\u00fa. <\/strong>Az amerikai honlapokr\u00f3l le lehet t\u00f6lteni egy-k\u00e9t \u00f6tletet, de hogy csin\u00e1ljuk, hogy ez m\u00e9gis m\u00e1s legyen, olyan legyen, ami a bar\u00e1tunknak, gyermek\u00fcnknek\u00a0a legt\u00f6bb kellemes percet okozza?\u00a0Mindenki nem mehet el Bangkokba vagy Las Vegasba a felejthetetlen \u00e9lm\u00e9nyek\u00e9rt. Meg lehet ezt oldani ott is, ahol vagyunk. Mi seg\u00edt\u00fcnk ebben.<\/p>\n","protected":false},"excerpt":{"rendered":"<p>Az esk\u00fcv\u0151t k\u00e9t igen fontos esem\u00e9ny el\u0151zi meg. A le\u00e1ny- \u00e9s leg\u00e9nyb\u00facs\u00fa. Az amerikai honlapokr\u00f3l le lehet t\u00f6lteni egy-k\u00e9t \u00f6tletet, de hogy csin\u00e1ljuk, hogy ez m\u00e9gis m\u00e1s legyen, olyan legyen, ami a bar\u00e1tunknak, gyermek\u00fcnknek\u00a0a legt\u00f6bb kellemes percet okozza?\u00a0Mindenki nem mehet &hellip; <a href=\"https:\/\/profevents.hu\/?page_id=164\">Continue reading <span class=\"meta-nav\">&rarr;<\/span><\/a><\/p>\n","protected":false},"author":3,"featured_media":0,"parent":0,"menu_order":0,"comment_status":"closed","ping_status":"closed","template":"","meta":{"footnotes":""},"class_list":["post-164","page","type-page","status-publish","hentry"],"_links":{"self":[{"href":"https:\/\/profevents.hu\/index.php?rest_route=\/wp\/v2\/pages\/164","targetHints":{"allow":["GET"]}}],"collection":[{"href":"https:\/\/profevents.hu\/index.php?rest_route=\/wp\/v2\/pages"}],"about":[{"href":"https:\/\/profevents.hu\/index.php?rest_route=\/wp\/v2\/types\/page"}],"author":[{"embeddable":true,"href":"https:\/\/profevents.hu\/index.php?rest_route=\/wp\/v2\/users\/3"}],"replies":[{"embeddable":true,"href":"https:\/\/profevents.hu\/index.php?rest_route=%2Fwp%2Fv2%2Fcomments&post=164"}],"version-history":[{"count":3,"href":"https:\/\/profevents.hu\/index.php?rest_route=\/wp\/v2\/pages\/164\/revisions"}],"predecessor-version":[{"id":279,"href":"https:\/\/profevents.hu\/index.php?rest_route=\/wp\/v2\/pages\/164\/revisions\/279"}],"wp:attachment":[{"href":"https:\/\/profevents.hu\/index.php?rest_route=%2Fwp%2Fv2%2Fmedia&parent=164"}],"curies":[{"name":"wp","href":"https:\/\/api.w.org\/{rel}","templated":true}]}}