{"id":355,"date":"2020-10-15T15:41:21","date_gmt":"2020-10-15T15:41:21","guid":{"rendered":"https:\/\/profevents.hu\/?page_id=355"},"modified":"2022-01-18T15:12:39","modified_gmt":"2022-01-18T15:12:39","slug":"szepseges-varandossag-konferencia","status":"publish","type":"page","link":"https:\/\/profevents.hu\/?page_id=355","title":{"rendered":"Sz\u00e9ps\u00e9ges V\u00e1rand\u00f3ss\u00e1g Konferencia"},"content":{"rendered":"\n<figure class=\"wp-block-image\"><img decoding=\"async\" src=\"http:\/\/azeletminosegert.hu\/wp-content\/uploads\/2019\/10\/Sz\u00e9ps\u00e9ges-V-log\u00f3-283x300.jpg\" alt=\"\" class=\"wp-image-65\"\/><\/figure>\n\n\n\n<p><a href=\"https:\/\/szepsegesvarandossag.hu\/\"><strong>Sz\u00e9ps\u00e9ges V\u00e1rand\u00f3ss\u00e1g 2020. Webkonferncia<\/strong><\/a><\/p>\n\n\n\n<p><strong>Az el\u0151ad\u00e1s felv\u00e9telek id\u0151pontja: 2020. szeptember 12. Helysz\u00edne: Duna Palota Sz\u00ednh\u00e1zterem<\/strong><\/p>\n\n\n\n<p><strong>F\u0151 T\u00e1mogat\u00f3: Minisztereln\u00f6ks\u00e9g<\/strong><br> <strong> V\u00e9dn\u00f6k: Magyar Eg\u00e9szs\u00e9g\u00fcgyi Szakdolgoz\u00f3i Kamara<\/strong><\/p>\n\n\n\n<p>T\u00e1rsszervez\u0151: ProfEvents Kft.<\/p>\n\n\n\n<p><strong>K\u00f6sz\u00f6nt\u0151<\/strong> (Dr. Balogh Zolt\u00e1n, eln\u00f6k- Magyar Egs\u00e9szs\u00e9g\u00fcgyi Szakdolgoz\u00f3i Kamara)<\/p>\n\n\n\n<p><strong>SZAKMAI EL\u0150AD\u00c1SOK<\/strong><\/p>\n\n\n\n<p><strong>&nbsp;Te is szoptass!<\/strong>Csetneki Julianna sz\u00fcl\u00e9szn\u0151, eln\u00f6k \u2013 Magyar \u00c1pol\u00e1si Egyes\u00fclet, Sz\u00fcl\u00e9szn\u0151i Szekci\u00f3)<\/p>\n\n\n\n<p><strong> Cs\u00e1sz\u00e1rsz\u00fcl\u00e9s orvosi szemmel<\/strong>&nbsp; (Dr. Melczer Zsolt PhD, MSc sz\u00fcl\u00e9sz-n\u0151gy\u00f3gy\u00e1sz, onkol\u00f3gus szakorvos \u2013 Semmelweis Egyetem, Sz\u00fcl\u00e9szeti \u00e9s N\u0151gy\u00f3gy\u00e1szati Klinika Baross utcai r\u00e9szleg)<\/p>\n\n\n\n<p><strong>A j\u00f6v\u0151 a kez\u00fcnkben van! Az eg\u00e9szs\u00e9ges t\u00e1pl\u00e1lkoz\u00e1s jelent\u0151s\u00e9ge gyermektervez\u00e9skor, a v\u00e1rand\u00f3ss\u00e1g \u00e9s a szoptat\u00e1s idej\u00e9n<\/strong> (Antal Emese dietetikus, szociol\u00f3gus \u2013 T\u00c9T Platform)<\/p>\n\n\n\n<p><strong>Arany\u00f3r\u00e1k \u2013 b\u0151rkontaktusban a sz\u00fcl\u00e9s alatt \u00e9s ut\u00e1n<\/strong> (Dr. Andrek Andrea pszichol\u00f3gus \u2013 ELTE PPK Affekt\u00edv Pszichol\u00f3gia Tansz\u00e9k)<\/p>\n\n\n\n<p><strong>Az \u00fajsz\u00fcl\u00f6tt b\u0151r\u00e9nek tiszt\u00edt\u00e1sa, \u00e1pol\u00e1sa. Az ekc\u00e9ma megel\u0151z\u00e9se.<\/strong> (Dr. Csitos \u00c1gnes gyermekb\u0151rgy\u00f3gy\u00e1sz \u2013 Bethesda, A Magyar Reform\u00e1tus Egyh\u00e1z Gyermekk\u00f3rh\u00e1za)<br> A v\u00e1rand\u00f3ss\u00e1g probiotikuma (Dr. Karoliny Anna gyermek-gasztroenterol\u00f3gus \u2013 Heim P\u00e1l Orsz\u00e1gos Gyermekgy\u00f3gy\u00e1szati Int\u00e9zet)<\/p>\n\n\n\n<p><strong>Milyen az igazi babav\u00edz?<\/strong> (Dr. Simon L\u00e1szl\u00f3 c. egyetemi docens \u2013 Szegedi Tudom\u00e1nyegyetem, M\u00e9rn\u00f6ki Kar)<\/p>\n\n\n\n<p><strong>Tan\u00e1csad\u00e1sok, bemutat\u00f3k:<\/strong><\/p>\n\n\n\n<p><strong>V\u00e1rand\u00f3s ruha divatbemutat\u00f3<\/strong> (\u00d6lt\u00f6zk\u00f6d\u00e9si tan\u00e1csad\u00e1s)<br> <strong>Hogyan v\u00e1lasszunk babakocsit<\/strong> (t\u00f6bbf\u00e9le babakocsit\u00edpus bemutat\u00e1sa, hogy k\u00f6nnyebb legyen majd a v\u00e1laszt\u00e1s)<\/p>\n\n\n\n<p><a href=\"https:\/\/szepsegesvarandossag.hu\/\"><strong>Sz\u00e9ps\u00e9ges V\u00e1rand\u00f3ss\u00e1g 2021. Webkonferncia<\/strong><\/a><\/p>\n\n\n\n<p><strong>F\u0151 T\u00e1mogat\u00f3: Minisztereln\u00f6ks\u00e9g<\/strong><br> <strong> V\u00e9dn\u00f6k: Magyar Eg\u00e9szs\u00e9g\u00fcgyi Szakdolgoz\u00f3i Kamara<\/strong><\/p>\n\n\n\n<p><strong>Az el\u0151ad\u00e1s felv\u00e9telek id\u0151pontja: 2021. m\u00e1jus 7. Helysz\u00edne: Duna Palota Elvira Szalon<\/strong><\/p>\n\n\n\n<p><strong>Szervez\u0151: Az \u00c9letmin\u0151s\u00e9g\u00e9rt Alap\u00edtv\u00e1ny a Minisztereln\u00f6ks\u00e9g t\u00e1mogat\u00e1s\u00e1val<\/strong><\/p>\n\n\n\n<p>T\u00e1rsszervez\u0151: ProfEvents Kft.<\/p>\n\n\n\n<p><strong>K\u00f6sz\u00f6nt\u0151<\/strong>&nbsp;(Dr. Balogh Zolt\u00e1n eln\u00f6k, Magyar Eg\u00e9szs\u00e9g\u00fcgyi Szakdolgoz\u00f3i Kamara)<\/p>\n\n\n\n<p><strong>SZAKMAI EL\u0150AD\u00c1SOK<\/strong><\/p>\n\n\n\n<p><strong>Hogyan v\u00e1ltozott a v\u00e1rand\u00f3sgondoz\u00e1s \u00e9s a sz\u00fcl\u00e9szeti ell\u00e1t\u00e1s a koronav\u00edrus-fert\u0151z\u00f6tt terhesek eset\u00e9ben a j\u00e1rv\u00e1ny elm\u00falt egy \u00e9ve alatt?&nbsp;<\/strong>(Dr. Melczer Zsolt PhD MSc sz\u00fcl\u00e9sz-n\u0151gy\u00f3gy\u00e1sz, onkol\u00f3gus egyetemi docens, igazgat\u00f3 helyettes, r\u00e9szleg vezet\u0151 -Semmelweis Egyetem Sz\u00fcl\u00e9szeti \u00e9s N\u0151gy\u00f3gy\u00e1szati Klinika Baross utcai r\u00e9szleg)<\/p>\n\n\n\n<p><strong>Covid-fert\u0151z\u00f6tt kismam\u00e1k sz\u00fcl\u00e9se, a sz\u00fcl\u00e9st k\u00f6vet\u0151 id\u0151szak&nbsp;<\/strong>(S\u00e1ndorn\u00e9 Men\u00e1rtovics Zsuzsanna sz\u00fcl\u00e9szn\u0151&nbsp;\u2013&nbsp;Semmelweis Egyetem, Sz\u00fcl\u00e9szeti \u00e9s N\u0151gy\u00f3gy\u00e1szati Klinika Baros utcai r\u00e9szleg)<\/p>\n\n\n\n<p><strong>Koronav\u00edrus fert\u0151z\u00e9s&nbsp;\u00e9s v\u00e1rand\u00f3ss\u00e1g<\/strong>&nbsp;(Dr. Szl\u00e1vik J\u00e1nos infektol\u00f3gus szakorvos, f\u0151orvos \u2013 D\u00e9l-Pesti Centrumk\u00f3rh\u00e1z)<\/p>\n\n\n\n<p><strong>Karant\u00e9n nemzed\u00e9k<\/strong>&nbsp;(Dr. Hirsch Anik\u00f3 csecsem\u0151- \u00e9s gyermekgy\u00f3gy\u00e1sz, gyermekpszichi\u00e1ter -pszichoterapeuta MRE Bethesda Gyermekk\u00f3rh\u00e1z, -pszichoszomatikus r\u00e9szleg)<\/p>\n\n\n\n<p><strong>S\u00edr a baba, no para!&nbsp;<\/strong>(Tom\u00e1n\u00e9 M\u00e9sz\u00e1ros Andrea v\u00e9d\u0151n\u0151 Semmelweis Egyetem Eg\u00e9szs\u00e9gtudom\u00e1nyi Doktori Iskola )<\/p>\n\n\n\n<p><strong>Covid a csal\u00e1dban&nbsp;<\/strong>&nbsp;(Dr.&nbsp;Dobner Sarolta gyermekgy\u00f3gy\u00e1sz, gyermekneurol\u00f3gus Semmelweis Egyetem II. sz. Gyermekgy\u00f3gy\u00e1szati Klinika)<\/p>\n\n\n\n<p><strong>Mozg\u00e1sfejl\u0151d\u00e9s \u201cszab\u00e1lyai\u201d. Gy\u00f3gytorn\u00e1sz javaslatai az els\u0151 kilenc h\u00f3napra&nbsp;<\/strong>(Kov\u00e1cs Andrea gyermek gy\u00f3gytorn\u00e1sz Mack\u00f3 rendel\u0151)<\/p>\n\n\n\n<p><strong>F\u00e9nyv\u00e9delem \u00e9s b\u0151r\u00e1pol\u00e1s a v\u00e1rand\u00f3ss\u00e1g alatt<\/strong>&nbsp;(Dr. Pozsgai Mel\u00e1nia b\u0151rgy\u00f3gy\u00e1sz La Roche-Posay)<\/p>\n\n\n\n<p>Szeretettel v\u00e1rjuk webkonferenci\u00e1nkon!<\/p>\n\n\n\n<p><a href=\"https:\/\/azeletminosegert.hu\/\">Az \u00c9letmin\u0151s\u00e9g\u00e9rt Alap\u00ed<\/a><a href=\"https:\/\/azeletminosegert.hu\/\">tv\u00e1ny&nbsp;<\/a>\u00e9s a<\/p>\n\n\n\n<p><a href=\"https:\/\/profevents.hu\/\">ProfEvents Kft.<\/a><\/p>\n\n\n\n<p><a href=\"https:\/\/szepsegesvarandossag.hu\/\"><strong>A WEBKONFERENCIA ITT L\u00c1TOGATHAT\u00d3 MEG!!!&nbsp;https:\/\/szepsegesvarandossag.hu\/<\/strong><\/a><\/p>\n\n\n\n<p>K\u00f6sz\u00f6nj\u00fck, ha megl\u00e1togatja webkonferenci\u00e1nkat!<\/p>\n","protected":false},"excerpt":{"rendered":"<p>Sz\u00e9ps\u00e9ges V\u00e1rand\u00f3ss\u00e1g 2020. Webkonferncia Az el\u0151ad\u00e1s felv\u00e9telek id\u0151pontja: 2020. szeptember 12. Helysz\u00edne: Duna Palota Sz\u00ednh\u00e1zterem F\u0151 T\u00e1mogat\u00f3: Minisztereln\u00f6ks\u00e9g V\u00e9dn\u00f6k: Magyar Eg\u00e9szs\u00e9g\u00fcgyi Szakdolgoz\u00f3i Kamara T\u00e1rsszervez\u0151: ProfEvents Kft. K\u00f6sz\u00f6nt\u0151 (Dr. Balogh Zolt\u00e1n, eln\u00f6k- Magyar Egs\u00e9szs\u00e9g\u00fcgyi Szakdolgoz\u00f3i Kamara) SZAKMAI EL\u0150AD\u00c1SOK &nbsp;Te is szoptass!Csetneki &hellip; <a href=\"https:\/\/profevents.hu\/?page_id=355\">Continue reading <span class=\"meta-nav\">&rarr;<\/span><\/a><\/p>\n","protected":false},"author":3,"featured_media":0,"parent":0,"menu_order":0,"comment_status":"closed","ping_status":"closed","template":"","meta":{"footnotes":""},"class_list":["post-355","page","type-page","status-publish","hentry"],"_links":{"self":[{"href":"https:\/\/profevents.hu\/index.php?rest_route=\/wp\/v2\/pages\/355","targetHints":{"allow":["GET"]}}],"collection":[{"href":"https:\/\/profevents.hu\/index.php?rest_route=\/wp\/v2\/pages"}],"about":[{"href":"https:\/\/profevents.hu\/index.php?rest_route=\/wp\/v2\/types\/page"}],"author":[{"embeddable":true,"href":"https:\/\/profevents.hu\/index.php?rest_route=\/wp\/v2\/users\/3"}],"replies":[{"embeddable":true,"href":"https:\/\/profevents.hu\/index.php?rest_route=%2Fwp%2Fv2%2Fcomments&post=355"}],"version-history":[{"count":17,"href":"https:\/\/profevents.hu\/index.php?rest_route=\/wp\/v2\/pages\/355\/revisions"}],"predecessor-version":[{"id":424,"href":"https:\/\/profevents.hu\/index.php?rest_route=\/wp\/v2\/pages\/355\/revisions\/424"}],"wp:attachment":[{"href":"https:\/\/profevents.hu\/index.php?rest_route=%2Fwp%2Fv2%2Fmedia&parent=355"}],"curies":[{"name":"wp","href":"https:\/\/api.w.org\/{rel}","templated":true}]}}